{"id":495,"date":"2016-04-19T13:20:57","date_gmt":"2016-04-19T17:20:57","guid":{"rendered":"https:\/\/harnais-electriques.com\/qualite-et-certifications\/?lang=en"},"modified":"2016-04-28T16:46:55","modified_gmt":"2016-04-28T20:46:55","slug":"quality-and-certifications","status":"publish","type":"page","link":"https:\/\/corde.ca\/en\/quality-and-certifications\/","title":{"rendered":"Quality and certifications"},"content":{"rendered":"","protected":false},"excerpt":{"rendered":"","protected":false},"author":1,"featured_media":223,"parent":0,"menu_order":4,"comment_status":"closed","ping_status":"closed","template":"","meta":{"_acf_changed":false,"footnotes":""},"class_list":["post-495","page","type-page","status-publish","has-post-thumbnail","hentry"],"acf":[],"yoast_head":"<!-- This site is optimized with the Yoast SEO plugin v27.5 - https:\/\/yoast.com\/product\/yoast-seo-wordpress\/ -->\n<title>Quality and certifications - Cord\u00e9 \u00c9lectrique<\/title>\n<meta name=\"description\" content=\"The quality of our team and our products, services and processes is the key element to our success and thereby to the successful execution of your project.\" \/>\n<meta name=\"robots\" content=\"index, follow, max-snippet:-1, max-image-preview:large, max-video-preview:-1\" \/>\n<link rel=\"canonical\" href=\"https:\/\/corde.ca\/qualite-et-certifications\/\" \/>\n<meta property=\"og:locale\" content=\"en_US\" \/>\n<meta property=\"og:type\" content=\"article\" \/>\n<meta property=\"og:title\" content=\"Quality and certifications - Cord\u00e9 \u00c9lectrique\" \/>\n<meta property=\"og:description\" content=\"The quality of our team and our products, services and processes is the key element to our success and thereby to the successful execution of your project.\" \/>\n<meta property=\"og:url\" content=\"https:\/\/corde.ca\/qualite-et-certifications\/\" \/>\n<meta property=\"og:site_name\" content=\"Cord\u00e9 \u00c9lectrique\" \/>\n<meta property=\"article:modified_time\" content=\"2016-04-28T20:46:55+00:00\" \/>\n<meta property=\"og:image\" content=\"https:\/\/corde.ca\/wp-content\/uploads\/header_qualite-certifications.png\" \/>\n\t<meta property=\"og:image:width\" content=\"1400\" \/>\n\t<meta property=\"og:image:height\" content=\"554\" \/>\n\t<meta property=\"og:image:type\" content=\"image\/png\" \/>\n<meta name=\"twitter:card\" content=\"summary_large_image\" \/>\n<script type=\"application\/ld+json\" class=\"yoast-schema-graph\">{\"@context\":\"https:\\\/\\\/schema.org\",\"@graph\":[{\"@type\":\"WebPage\",\"@id\":\"https:\\\/\\\/corde.ca\\\/qualite-et-certifications\\\/\",\"url\":\"https:\\\/\\\/corde.ca\\\/qualite-et-certifications\\\/\",\"name\":\"Quality and certifications - Cord\u00e9 \u00c9lectrique\",\"isPartOf\":{\"@id\":\"https:\\\/\\\/corde.ca\\\/#website\"},\"primaryImageOfPage\":{\"@id\":\"https:\\\/\\\/corde.ca\\\/qualite-et-certifications\\\/#primaryimage\"},\"image\":{\"@id\":\"https:\\\/\\\/corde.ca\\\/qualite-et-certifications\\\/#primaryimage\"},\"thumbnailUrl\":\"https:\\\/\\\/corde.ca\\\/wp-content\\\/uploads\\\/header_qualite-certifications.png\",\"datePublished\":\"2016-04-19T17:20:57+00:00\",\"dateModified\":\"2016-04-28T20:46:55+00:00\",\"description\":\"The quality of our team and our products, services and processes is the key element to our success and thereby to the successful execution of your project.\",\"breadcrumb\":{\"@id\":\"https:\\\/\\\/corde.ca\\\/qualite-et-certifications\\\/#breadcrumb\"},\"inLanguage\":\"en-US\",\"potentialAction\":[{\"@type\":\"ReadAction\",\"target\":[\"https:\\\/\\\/corde.ca\\\/qualite-et-certifications\\\/\"]}]},{\"@type\":\"ImageObject\",\"inLanguage\":\"en-US\",\"@id\":\"https:\\\/\\\/corde.ca\\\/qualite-et-certifications\\\/#primaryimage\",\"url\":\"https:\\\/\\\/corde.ca\\\/wp-content\\\/uploads\\\/header_qualite-certifications.png\",\"contentUrl\":\"https:\\\/\\\/corde.ca\\\/wp-content\\\/uploads\\\/header_qualite-certifications.png\",\"width\":1400,\"height\":554},{\"@type\":\"BreadcrumbList\",\"@id\":\"https:\\\/\\\/corde.ca\\\/qualite-et-certifications\\\/#breadcrumb\",\"itemListElement\":[{\"@type\":\"ListItem\",\"position\":1,\"name\":\"Accueil\",\"item\":\"https:\\\/\\\/corde.ca\\\/\"},{\"@type\":\"ListItem\",\"position\":2,\"name\":\"Quality and certifications\"}]},{\"@type\":\"WebSite\",\"@id\":\"https:\\\/\\\/corde.ca\\\/#website\",\"url\":\"https:\\\/\\\/corde.ca\\\/\",\"name\":\"Cord\u00e9 \u00c9lectrique\",\"description\":\"Expertise et efficacit\u00e9\",\"potentialAction\":[{\"@type\":\"SearchAction\",\"target\":{\"@type\":\"EntryPoint\",\"urlTemplate\":\"https:\\\/\\\/corde.ca\\\/?s={search_term_string}\"},\"query-input\":{\"@type\":\"PropertyValueSpecification\",\"valueRequired\":true,\"valueName\":\"search_term_string\"}}],\"inLanguage\":\"en-US\"}]}<\/script>\n<!-- \/ Yoast SEO plugin. -->","yoast_head_json":{"title":"Quality and certifications - Cord\u00e9 \u00c9lectrique","description":"The quality of our team and our products, services and processes is the key element to our success and thereby to the successful execution of your project.","robots":{"index":"index","follow":"follow","max-snippet":"max-snippet:-1","max-image-preview":"max-image-preview:large","max-video-preview":"max-video-preview:-1"},"canonical":"https:\/\/corde.ca\/qualite-et-certifications\/","og_locale":"en_US","og_type":"article","og_title":"Quality and certifications - Cord\u00e9 \u00c9lectrique","og_description":"The quality of our team and our products, services and processes is the key element to our success and thereby to the successful execution of your project.","og_url":"https:\/\/corde.ca\/qualite-et-certifications\/","og_site_name":"Cord\u00e9 \u00c9lectrique","article_modified_time":"2016-04-28T20:46:55+00:00","og_image":[{"width":1400,"height":554,"url":"https:\/\/corde.ca\/wp-content\/uploads\/header_qualite-certifications.png","type":"image\/png"}],"twitter_card":"summary_large_image","schema":{"@context":"https:\/\/schema.org","@graph":[{"@type":"WebPage","@id":"https:\/\/corde.ca\/qualite-et-certifications\/","url":"https:\/\/corde.ca\/qualite-et-certifications\/","name":"Quality and certifications - Cord\u00e9 \u00c9lectrique","isPartOf":{"@id":"https:\/\/corde.ca\/#website"},"primaryImageOfPage":{"@id":"https:\/\/corde.ca\/qualite-et-certifications\/#primaryimage"},"image":{"@id":"https:\/\/corde.ca\/qualite-et-certifications\/#primaryimage"},"thumbnailUrl":"https:\/\/corde.ca\/wp-content\/uploads\/header_qualite-certifications.png","datePublished":"2016-04-19T17:20:57+00:00","dateModified":"2016-04-28T20:46:55+00:00","description":"The quality of our team and our products, services and processes is the key element to our success and thereby to the successful execution of your project.","breadcrumb":{"@id":"https:\/\/corde.ca\/qualite-et-certifications\/#breadcrumb"},"inLanguage":"en-US","potentialAction":[{"@type":"ReadAction","target":["https:\/\/corde.ca\/qualite-et-certifications\/"]}]},{"@type":"ImageObject","inLanguage":"en-US","@id":"https:\/\/corde.ca\/qualite-et-certifications\/#primaryimage","url":"https:\/\/corde.ca\/wp-content\/uploads\/header_qualite-certifications.png","contentUrl":"https:\/\/corde.ca\/wp-content\/uploads\/header_qualite-certifications.png","width":1400,"height":554},{"@type":"BreadcrumbList","@id":"https:\/\/corde.ca\/qualite-et-certifications\/#breadcrumb","itemListElement":[{"@type":"ListItem","position":1,"name":"Accueil","item":"https:\/\/corde.ca\/"},{"@type":"ListItem","position":2,"name":"Quality and certifications"}]},{"@type":"WebSite","@id":"https:\/\/corde.ca\/#website","url":"https:\/\/corde.ca\/","name":"Cord\u00e9 \u00c9lectrique","description":"Expertise et efficacit\u00e9","potentialAction":[{"@type":"SearchAction","target":{"@type":"EntryPoint","urlTemplate":"https:\/\/corde.ca\/?s={search_term_string}"},"query-input":{"@type":"PropertyValueSpecification","valueRequired":true,"valueName":"search_term_string"}}],"inLanguage":"en-US"}]}},"jetpack_sharing_enabled":true,"_links":{"self":[{"href":"https:\/\/corde.ca\/en\/wp-json\/wp\/v2\/pages\/495","targetHints":{"allow":["GET"]}}],"collection":[{"href":"https:\/\/corde.ca\/en\/wp-json\/wp\/v2\/pages"}],"about":[{"href":"https:\/\/corde.ca\/en\/wp-json\/wp\/v2\/types\/page"}],"author":[{"embeddable":true,"href":"https:\/\/corde.ca\/en\/wp-json\/wp\/v2\/users\/1"}],"replies":[{"embeddable":true,"href":"https:\/\/corde.ca\/en\/wp-json\/wp\/v2\/comments?post=495"}],"version-history":[{"count":47,"href":"https:\/\/corde.ca\/en\/wp-json\/wp\/v2\/pages\/495\/revisions"}],"predecessor-version":[{"id":859,"href":"https:\/\/corde.ca\/en\/wp-json\/wp\/v2\/pages\/495\/revisions\/859"}],"wp:featuredmedia":[{"embeddable":true,"href":"https:\/\/corde.ca\/en\/wp-json\/wp\/v2\/media\/223"}],"wp:attachment":[{"href":"https:\/\/corde.ca\/en\/wp-json\/wp\/v2\/media?parent=495"}],"curies":[{"name":"wp","href":"https:\/\/api.w.org\/{rel}","templated":true}]}}